{"id":749,"date":"2024-11-08T08:44:20","date_gmt":"2024-11-08T08:44:20","guid":{"rendered":"https:\/\/willele.net\/?page_id=749"},"modified":"2024-12-13T08:26:06","modified_gmt":"2024-12-13T08:26:06","slug":"terms-conditions","status":"publish","type":"page","link":"https:\/\/willele.net\/de\/terms-conditions\/","title":{"rendered":"Bedingungen und Konditionen"},"content":{"rendered":"<div data-elementor-type=\"wp-page\" data-elementor-id=\"749\" class=\"elementor elementor-749\" data-elementor-post-type=\"page\">\n\t\t\t\t<div class=\"elementor-element elementor-element-df1507b e-flex e-con-boxed e-con e-parent\" data-id=\"df1507b\" data-element_type=\"container\" data-e-type=\"container\">\n\t\t\t\t\t<div class=\"e-con-inner\">\n\t\t\t\t<div class=\"elementor-element elementor-element-58c9e87 elementor-widget elementor-widget-spacer\" data-id=\"58c9e87\" data-element_type=\"widget\" data-e-type=\"widget\" data-widget_type=\"spacer.default\">\n\t\t\t\t<div class=\"elementor-widget-container\">\n\t\t\t\t\t\t\t<div class=\"elementor-spacer\">\n\t\t\t<div class=\"elementor-spacer-inner\"><\/div>\n\t\t<\/div>\n\t\t\t\t\t\t<\/div>\n\t\t\t\t<\/div>\n\t\t\t\t\t<\/div>\n\t\t\t\t<\/div>\n\t\t<div class=\"elementor-element elementor-element-8fd133f e-flex e-con-boxed e-con e-parent\" data-id=\"8fd133f\" data-element_type=\"container\" data-e-type=\"container\">\n\t\t\t\t\t<div class=\"e-con-inner\">\n\t\t\t\t<div class=\"elementor-element elementor-element-f76a513 elementor-widget elementor-widget-heading\" data-id=\"f76a513\" data-element_type=\"widget\" data-e-type=\"widget\" data-widget_type=\"heading.default\">\n\t\t\t\t<div class=\"elementor-widget-container\">\n\t\t\t\t\t<h1 class=\"elementor-heading-title elementor-size-default\">Bedingungen und Konditionen\n<\/h1>\t\t\t\t<\/div>\n\t\t\t\t<\/div>\n\t\t\t\t<div class=\"elementor-element elementor-element-226b287 elementor-widget elementor-widget-text-editor\" data-id=\"226b287\" data-element_type=\"widget\" data-e-type=\"widget\" data-widget_type=\"text-editor.default\">\n\t\t\t\t<div class=\"elementor-widget-container\">\n\t\t\t\t\t\t\t\t\t<div class=\"willele\"><p><b>Zuletzt aktualisiert am 12. Oktober 2024<\/b><\/p><p class=\"p1\">Willkommen bei <strong>WILLELE<\/strong>!<\/p><p class=\"p1\">Die vorliegenden Bedingungen beschreiben die Regeln und Vorschriften f\u00fcr die Nutzung der Website von WILLELE, die sich unter folgender Adresse befindet <a href=\"https:\/\/willele.net\/de\"><span class=\"s1\">https:\/\/willele.net<\/span><\/a>.<\/p><p class=\"p1\">Wenn Sie auf diese Website zugreifen, gehen wir davon aus, dass Sie diese Bedingungen und Konditionen akzeptieren. Fahren Sie nicht fort, WILLELE zu nutzen, wenn Sie nicht mit allen auf dieser Seite genannten Bedingungen einverstanden sind.<\/p><h2><b>Kekse:<\/b><\/h2><p class=\"p1\">Die Website verwendet Cookies, um Ihr Online-Erlebnis zu personalisieren. Wenn Sie auf WILLELE zugreifen, stimmen Sie der Verwendung der erforderlichen Cookies zu.<\/p><p class=\"p1\">Ein Cookie ist eine Textdatei, die von einem Webserver auf Ihrer Festplatte abgelegt wird. Cookies k\u00f6nnen nicht verwendet werden, um Programme auszuf\u00fchren oder Viren auf Ihren Computer zu \u00fcbertragen. Cookies sind Ihnen eindeutig zugeordnet und k\u00f6nnen nur von einem Webserver in der Dom\u00e4ne gelesen werden, die den Cookie ausgegeben hat.<\/p><p class=\"p1\">Zum Betrieb unserer Website k\u00f6nnen wir Cookies verwenden, um Informationen f\u00fcr statistische oder Marketingzwecke zu sammeln, zu speichern und zu verfolgen. Sie k\u00f6nnen optionale Cookies akzeptieren oder ablehnen. Es gibt einige erforderliche Cookies, die f\u00fcr den Betrieb unserer Website notwendig sind. F\u00fcr diese Cookies ist Ihre Zustimmung nicht erforderlich. Wenn Sie erforderliche Cookies akzeptieren, akzeptieren Sie auch die Cookies von Drittanbietern, die \u00fcber Dienste von Drittanbietern verwendet werden, wie z. B. Videoanzeigefenster.<\/p><h2><b>Lizenz:<\/b><\/h2><p class=\"p1\">Sofern nicht anders angegeben, sind WILLELE und\/oder seine Lizenzgeber die Inhaber der geistigen Eigentumsrechte f\u00fcr alle Inhalte auf WILLELE. Alle geistigen Eigentumsrechte sind vorbehalten. Sie k\u00f6nnen f\u00fcr Ihren pers\u00f6nlichen Gebrauch auf WILLELE zugreifen, vorbehaltlich der Beschr\u00e4nkungen in diesen Bedingungen und Konditionen.<\/p><p class=\"p1\">Das d\u00fcrfen Sie nicht:<\/p><ul><li>Kopieren oder Wiederver\u00f6ffentlichen von Material von WILLELE<\/li><li>Material von WILLELE zu verkaufen, zu vermieten oder unterzulizenzieren<\/li><li>Material von WILLELE zu reproduzieren, zu vervielf\u00e4ltigen oder zu kopieren<\/li><li>Inhalte von WILLELE weiterverteilen<\/li><\/ul><p class=\"p1\">Dieses Abkommen beginnt mit dem Datum dieses Abkommens.<\/p><h2><b>Kommentare:<\/b><\/h2><p class=\"p1\">Teile dieser Website erm\u00f6glichen es den Benutzern, Meinungen und Informationen zu ver\u00f6ffentlichen und auszutauschen. WILLELE filtert, bearbeitet, ver\u00f6ffentlicht oder \u00fcberpr\u00fcft die Kommentare nicht, bevor sie auf der Website erscheinen. Die Kommentare spiegeln nicht die Ansichten und Meinungen von WILLELE, seinen Vertretern und\/oder verbundenen Unternehmen wider. WILLELE haftet nicht f\u00fcr die Kommentare oder f\u00fcr jegliche Haftung, Sch\u00e4den oder Kosten, die durch die Nutzung und\/oder Ver\u00f6ffentlichung und\/oder das Erscheinen der Kommentare auf dieser Website verursacht und\/oder erlitten werden.<\/p><p class=\"p1\">WILLELE beh\u00e4lt sich das Recht vor, alle Kommentare zu \u00fcberwachen und Kommentare zu entfernen, die unangemessen oder beleidigend sind oder gegen diese Nutzungsbedingungen versto\u00dfen.<\/p><p class=\"p1\">Sie garantieren und sichern zu, dass:<\/p><ul><li class=\"p3\">Sie sind berechtigt, die Kommentare auf unserer Website zu ver\u00f6ffentlichen, und verf\u00fcgen \u00fcber alle erforderlichen Lizenzen und Genehmigungen, um dies zu tun;<\/li><li class=\"p3\">Die Kommentare verletzen keine Rechte an geistigem Eigentum, einschlie\u00dflich, aber nicht beschr\u00e4nkt auf Urheberrechte, Patente oder Warenzeichen von Dritten;<\/li><li class=\"p3\">Die Kommentare enthalten keine verleumderischen, beleidigenden, anst\u00f6\u00dfigen, unanst\u00e4ndigen oder anderweitig rechtswidrigen Inhalte, die eine Verletzung der Privatsph\u00e4re darstellen;<\/li><li class=\"p3\">Die Kommentare werden nicht verwendet, um f\u00fcr Gesch\u00e4fte oder Gewohnheiten zu werben oder kommerzielle Aktivit\u00e4ten oder ungesetzliche Aktivit\u00e4ten darzustellen.<\/li><\/ul><p class=\"p1\">Sie gew\u00e4hren WILLELE hiermit eine nicht-exklusive Lizenz zur Nutzung, Vervielf\u00e4ltigung, Bearbeitung und Autorisierung anderer zur Nutzung, Vervielf\u00e4ltigung und Bearbeitung aller Ihrer Kommentare in allen Formen, Formaten oder Medien.<\/p><h2><b>Hyperlinking zu unserem Inhalt:<\/b><\/h2><p class=\"p1\">Die folgenden Organisationen d\u00fcrfen ohne vorherige schriftliche Genehmigung auf unsere Website verlinken:<\/p><ul><li class=\"p3\">Staatliche Stellen;<\/li><li class=\"p3\">Suchmaschinen;<\/li><li class=\"p3\">Nachrichtenorganisationen;<\/li><li class=\"p3\">Online-Verzeichnisverteiler k\u00f6nnen auf unsere Website in der gleichen Weise verlinken, wie sie auf die Websites anderer gelisteter Unternehmen verlinken; und<\/li><li class=\"p3\">Systemweit zugelassene Unternehmen mit Ausnahme von Non-Profit-Organisationen, Einkaufszentren f\u00fcr wohlt\u00e4tige Zwecke und Gruppen f\u00fcr wohlt\u00e4tige Zwecke, die Spenden sammeln.<\/li><\/ul><p class=\"p1\">Diese Organisationen d\u00fcrfen auf unsere Homepage, Ver\u00f6ffentlichungen oder andere Website-Informationen verlinken, solange der Link: (a) nicht irref\u00fchrend ist; (b) nicht f\u00e4lschlicherweise Sponsoring, Bef\u00fcrwortung oder Genehmigung impliziert; und (c) in den Kontext der Website der verlinkenden Partei passt.<\/p><p class=\"p1\">Wir k\u00f6nnen andere Linkanfragen von Organisationen wie Verbraucher- und\/oder Gesch\u00e4ftsinformationsquellen, dot.com-Community-Sites, Verb\u00e4nden oder Gruppen, die Wohlt\u00e4tigkeitsorganisationen vertreten, Online-Verzeichnisverteilern, Internetportalen, Buchhaltungs-, Rechts- und Beratungsfirmen sowie Bildungseinrichtungen und Handelsverb\u00e4nden ber\u00fccksichtigen und genehmigen.<\/p><p class=\"p1\">Wir werden Linkanfragen genehmigen, wenn: (a) der Link uns nicht in ein schlechtes Licht r\u00fccken w\u00fcrde; (b) die Organisation keine negativen Eintr\u00e4ge bei uns hat; (c) der Nutzen, den wir aus der Sichtbarkeit ziehen, die Abwesenheit von WILLELE ausgleicht; und (d) der Link im Zusammenhang mit allgemeinen Ressourceninformationen steht.<\/p><p class=\"p1\">Zugelassene Organisationen k\u00f6nnen Hyperlinks zu unserer Website verwenden:<\/p><ul><li class=\"p3\">Unser Firmenname;<\/li><li class=\"p3\">den Uniform Resource Locator, auf den verlinkt wird; oder<\/li><li class=\"p3\">Jede andere Beschreibung unserer Website, die in den Kontext und das Format der Inhalte auf der Website der verlinkenden Partei passt.<\/li><\/ul><p class=\"p1\">Die Verwendung des WILLELE-Logos oder anderer Grafiken zur Verlinkung ist ohne Markenlizenzvertrag nicht gestattet.<\/p><h2><b>Haftung f\u00fcr den Inhalt:<\/b><\/h2><p class=\"p1\">Wir sind nicht verantwortlich f\u00fcr Inhalte, die auf Ihrer Website erscheinen. Sie verpflichten sich, uns gegen alle auf Ihrer Website erhobenen Anspr\u00fcche zu sch\u00fctzen und zu verteidigen. Auf einer Website d\u00fcrfen keine Links erscheinen, die als verleumderisch, obsz\u00f6n oder kriminell ausgelegt werden k\u00f6nnen oder die Rechte Dritter verletzen oder deren Verletzung bef\u00fcrworten.<\/p><h2><b>Vorbehalt der Rechte:<\/b><\/h2><p class=\"p1\">Wir behalten uns das Recht vor, Sie aufzufordern, alle Links oder einen bestimmten Link zu unserer Website zu entfernen. Sie verpflichten sich, alle Links auf Verlangen unverz\u00fcglich zu entfernen. Wir behalten uns au\u00dferdem das Recht vor, diese Bedingungen und die Linkpolitik jederzeit zu \u00e4ndern. Durch die kontinuierliche Verkn\u00fcpfung mit unserer Website erkl\u00e4ren Sie sich damit einverstanden, diese Verkn\u00fcpfungsbedingungen zu befolgen.<\/p><h2><b>Entfernung von Links von unserer Website:<\/b><\/h2><p class=\"p1\">Wenn Sie einen Link auf unserer Website finden, der aus irgendeinem Grund anst\u00f6\u00dfig ist, k\u00f6nnen Sie uns gerne kontaktieren. Wir werden Anfragen zur Entfernung von Links pr\u00fcfen, sind aber nicht verpflichtet, direkt zu antworten.<\/p><p class=\"p1\">Wir \u00fcbernehmen keine Gew\u00e4hr f\u00fcr die Richtigkeit der Informationen auf dieser Website. Wir \u00fcbernehmen keine Garantie f\u00fcr ihre Vollst\u00e4ndigkeit oder Richtigkeit und versprechen auch nicht, dass die Website verf\u00fcgbar bleibt oder dass das Material auf dem neuesten Stand gehalten wird.<\/p><p class=\"p1\"><b>Haftungsausschluss:<\/b><\/p><p class=\"p1\">Soweit dies gesetzlich zul\u00e4ssig ist, schlie\u00dfen wir alle Zusicherungen, Garantien und Bedingungen in Bezug auf unsere Website und die Nutzung dieser Website aus. Nichts in diesem Haftungsausschluss wird:<\/p><ul><li class=\"p3\">unsere oder Ihre Haftung f\u00fcr Tod oder K\u00f6rperverletzung zu begrenzen oder auszuschlie\u00dfen;<\/li><li class=\"p3\">unsere oder Ihre Haftung f\u00fcr Betrug oder arglistige T\u00e4uschung zu begrenzen oder auszuschlie\u00dfen;<\/li><li class=\"p3\">unsere oder Ihre Haftung in einer Weise zu beschr\u00e4nken, die nach geltendem Recht nicht zul\u00e4ssig ist; oder<\/li><li class=\"p3\">unsere oder Ihre Haftung ausschlie\u00dfen, die nach geltendem Recht nicht ausgeschlossen werden kann.<\/li><\/ul><p class=\"p1\">Die Haftungsbeschr\u00e4nkungen und -verbote in diesem Abschnitt und an anderen Stellen dieses Haftungsausschlusses: (a) unterliegen dem vorangehenden Absatz; und (b) regeln alle Haftungen, die sich aus dem Haftungsausschluss ergeben, einschlie\u00dflich der Haftungen aus Vertrag, unerlaubter Handlung und Verletzung gesetzlicher Pflichten.<\/p><p class=\"p1\">Solange die Website und die Informationen und Dienstleistungen kostenlos zur Verf\u00fcgung gestellt werden, haften wir nicht f\u00fcr etwaige Verluste oder Sch\u00e4den.<\/p><p class=\"p1\"><b>Kontakt<\/b>: willele@willele.com<\/p><\/div>\t\t\t\t\t\t\t\t<\/div>\n\t\t\t\t<\/div>\n\t\t\t\t\t<\/div>\n\t\t\t\t<\/div>\n\t\t\t\t<\/div>","protected":false},"excerpt":{"rendered":"<p>Terms &amp; Conditions Last updated October 12, 2024 Welcome to WILLELE! These terms and conditions outline the rules and regulations for using WILLELE\u2019s website, located at https:\/\/willele.net. By accessing this website, we assume you accept these terms and conditions. Do not continue to use WILLELE if you do not agree to take all of the [&hellip;]<\/p>","protected":false},"author":1,"featured_media":0,"parent":0,"menu_order":0,"comment_status":"closed","ping_status":"closed","template":"","meta":{"footnotes":""},"class_list":["post-749","page","type-page","status-publish","hentry"],"_links":{"self":[{"href":"https:\/\/willele.net\/de\/wp-json\/wp\/v2\/pages\/749","targetHints":{"allow":["GET"]}}],"collection":[{"href":"https:\/\/willele.net\/de\/wp-json\/wp\/v2\/pages"}],"about":[{"href":"https:\/\/willele.net\/de\/wp-json\/wp\/v2\/types\/page"}],"author":[{"embeddable":true,"href":"https:\/\/willele.net\/de\/wp-json\/wp\/v2\/users\/1"}],"replies":[{"embeddable":true,"href":"https:\/\/willele.net\/de\/wp-json\/wp\/v2\/comments?post=749"}],"version-history":[{"count":14,"href":"https:\/\/willele.net\/de\/wp-json\/wp\/v2\/pages\/749\/revisions"}],"predecessor-version":[{"id":2027,"href":"https:\/\/willele.net\/de\/wp-json\/wp\/v2\/pages\/749\/revisions\/2027"}],"wp:attachment":[{"href":"https:\/\/willele.net\/de\/wp-json\/wp\/v2\/media?parent=749"}],"curies":[{"name":"wp","href":"https:\/\/api.w.org\/{rel}","templated":true}]}}