{"id":1654,"date":"2024-12-11T10:50:56","date_gmt":"2024-12-11T10:50:56","guid":{"rendered":"https:\/\/willele.net\/?page_id=1654"},"modified":"2024-12-11T11:00:45","modified_gmt":"2024-12-11T11:00:45","slug":"willele-blog","status":"publish","type":"page","link":"https:\/\/willele.net\/es\/willele-blog\/","title":{"rendered":"WILLELE BLOG"},"content":{"rendered":"<div data-elementor-type=\"wp-page\" data-elementor-id=\"1654\" class=\"elementor elementor-1654\" data-elementor-post-type=\"page\">\n\t\t\t\t<div class=\"elementor-element elementor-element-6680d13 e-con-full e-flex e-con e-child\" data-id=\"6680d13\" data-element_type=\"container\" data-e-type=\"container\" data-settings=\"{&quot;background_background&quot;:&quot;classic&quot;}\">\n\t\t\t\t<div class=\"elementor-element elementor-element-913ff30 elementor-widget elementor-widget-heading\" data-id=\"913ff30\" data-element_type=\"widget\" data-e-type=\"widget\" data-widget_type=\"heading.default\">\n\t\t\t\t<div class=\"elementor-widget-container\">\n\t\t\t\t\t<h1 class=\"elementor-heading-title elementor-size-default\">BLOG<\/h1>\t\t\t\t<\/div>\n\t\t\t\t<\/div>\n\t\t\t\t<div class=\"elementor-element elementor-element-46014f6 elementor-widget-divider--view-line elementor-widget elementor-widget-divider\" data-id=\"46014f6\" data-element_type=\"widget\" data-e-type=\"widget\" data-widget_type=\"divider.default\">\n\t\t\t\t<div class=\"elementor-widget-container\">\n\t\t\t\t\t\t\t<div class=\"elementor-divider\">\n\t\t\t<span class=\"elementor-divider-separator\">\n\t\t\t\t\t\t<\/span>\n\t\t<\/div>\n\t\t\t\t\t\t<\/div>\n\t\t\t\t<\/div>\n\t\t\t\t<div class=\"elementor-element elementor-element-1880ff9 elementor-widget elementor-widget-heading\" data-id=\"1880ff9\" data-element_type=\"widget\" data-e-type=\"widget\" data-widget_type=\"heading.default\">\n\t\t\t\t<div class=\"elementor-widget-container\">\n\t\t\t\t\t<p class=\"elementor-heading-title elementor-size-default\">Obtenga informaci\u00f3n sobre los tubos termorretr\u00e1ctiles WillELE e historias inspiradoras de expertos en primera l\u00ednea.\n<\/p>\t\t\t\t<\/div>\n\t\t\t\t<\/div>\n\t\t\t\t<\/div>\n\t\t<div class=\"elementor-element elementor-element-b7112bc e-flex e-con-boxed e-con e-parent\" data-id=\"b7112bc\" data-element_type=\"container\" data-e-type=\"container\">\n\t\t\t\t\t<div class=\"e-con-inner\">\n\t\t\t\t<div class=\"elementor-element elementor-element-84c882f elementor-grid-3 elementor-grid-tablet-2 elementor-grid-mobile-1 elementor-posts--thumbnail-top elementor-card-shadow-yes elementor-posts__hover-gradient elementor-widget elementor-widget-posts\" data-id=\"84c882f\" data-element_type=\"widget\" data-e-type=\"widget\" data-settings=\"{&quot;pagination_type&quot;:&quot;numbers&quot;,&quot;cards_columns&quot;:&quot;3&quot;,&quot;cards_columns_tablet&quot;:&quot;2&quot;,&quot;cards_columns_mobile&quot;:&quot;1&quot;,&quot;cards_row_gap&quot;:{&quot;unit&quot;:&quot;px&quot;,&quot;size&quot;:35,&quot;sizes&quot;:[]},&quot;cards_row_gap_tablet&quot;:{&quot;unit&quot;:&quot;px&quot;,&quot;size&quot;:&quot;&quot;,&quot;sizes&quot;:[]},&quot;cards_row_gap_mobile&quot;:{&quot;unit&quot;:&quot;px&quot;,&quot;size&quot;:&quot;&quot;,&quot;sizes&quot;:[]}}\" data-widget_type=\"posts.cards\">\n\t\t\t\t<div class=\"elementor-widget-container\">\n\t\t\t\t\t\t\t<div class=\"elementor-posts-container elementor-posts elementor-posts--skin-cards elementor-grid\">\n\t\t\t\t<article class=\"elementor-post elementor-grid-item post-2549 post type-post status-publish format-standard has-post-thumbnail hentry category-news\">\n\t\t\t<div class=\"elementor-post__card\">\n\t\t\t\t<a class=\"elementor-post__thumbnail__link\" href=\"https:\/\/willele.net\/es\/top-5-dual-wall-heat-shrink-tubing-comparison-buyers-guide-2026\/\" tabindex=\"-1\" ><div class=\"elementor-post__thumbnail\"><img fetchpriority=\"high\" decoding=\"async\" width=\"2560\" height=\"1429\" src=\"https:\/\/willele.net\/wp-content\/uploads\/2026\/02\/Flame-Retardant-Heat-Shrink-Tubing-Industrial-Application-scaled.webp\" class=\"attachment-full size-full wp-image-2505\" alt=\"Flame-Retardant Heat-Shrink Tubing Industrial Application\" srcset=\"https:\/\/willele.net\/wp-content\/uploads\/2026\/02\/Flame-Retardant-Heat-Shrink-Tubing-Industrial-Application-scaled.webp 2560w, https:\/\/willele.net\/wp-content\/uploads\/2026\/02\/Flame-Retardant-Heat-Shrink-Tubing-Industrial-Application-300x167.webp 300w, https:\/\/willele.net\/wp-content\/uploads\/2026\/02\/Flame-Retardant-Heat-Shrink-Tubing-Industrial-Application-1024x572.webp 1024w, https:\/\/willele.net\/wp-content\/uploads\/2026\/02\/Flame-Retardant-Heat-Shrink-Tubing-Industrial-Application-768x429.webp 768w, https:\/\/willele.net\/wp-content\/uploads\/2026\/02\/Flame-Retardant-Heat-Shrink-Tubing-Industrial-Application-1536x857.webp 1536w, https:\/\/willele.net\/wp-content\/uploads\/2026\/02\/Flame-Retardant-Heat-Shrink-Tubing-Industrial-Application-2048x1143.webp 2048w, https:\/\/willele.net\/wp-content\/uploads\/2026\/02\/Flame-Retardant-Heat-Shrink-Tubing-Industrial-Application-18x10.webp 18w\" sizes=\"(max-width: 2560px) 100vw, 2560px\" \/><\/div><\/a>\n\t\t\t\t<div class=\"elementor-post__badge\">Noticias<\/div>\n\t\t\t\t<div class=\"elementor-post__text\">\n\t\t\t\t<h3 class=\"elementor-post__title\">\n\t\t\t<a href=\"https:\/\/willele.net\/es\/top-5-dual-wall-heat-shrink-tubing-comparison-buyers-guide-2026\/\" >\n\t\t\t\tTop 5 Dual Wall Heat-Shrink Tubing Comparison: Buyer&#8217;s Guide 2026\t\t\t<\/a>\n\t\t<\/h3>\n\t\t\t\t<\/div>\n\t\t\t\t<div class=\"elementor-post__meta-data\">\n\t\t\t\t\t<span class=\"elementor-post-date\">\n\t\t\tmayo 3, 2026\t\t<\/span>\n\t\t\t\t<\/div>\n\t\t\t\t\t<\/div>\n\t\t<\/article>\n\t\t\t\t<article class=\"elementor-post elementor-grid-item post-2545 post type-post status-publish format-standard has-post-thumbnail hentry category-news\">\n\t\t\t<div class=\"elementor-post__card\">\n\t\t\t\t<a class=\"elementor-post__thumbnail__link\" href=\"https:\/\/willele.net\/es\/2026-how-to-identify-high-quality-heat-shrink-tubing\/\" tabindex=\"-1\" ><div class=\"elementor-post__thumbnail\"><img decoding=\"async\" width=\"2560\" height=\"1429\" src=\"https:\/\/willele.net\/wp-content\/uploads\/2026\/04\/heat-shrink-TUBING-MATERIAL--scaled.webp\" class=\"attachment-full size-full wp-image-2547\" alt=\"heat shrink TUBING\" srcset=\"https:\/\/willele.net\/wp-content\/uploads\/2026\/04\/heat-shrink-TUBING-MATERIAL--scaled.webp 2560w, https:\/\/willele.net\/wp-content\/uploads\/2026\/04\/heat-shrink-TUBING-MATERIAL--300x167.webp 300w, https:\/\/willele.net\/wp-content\/uploads\/2026\/04\/heat-shrink-TUBING-MATERIAL--1024x572.webp 1024w, https:\/\/willele.net\/wp-content\/uploads\/2026\/04\/heat-shrink-TUBING-MATERIAL--768x429.webp 768w, https:\/\/willele.net\/wp-content\/uploads\/2026\/04\/heat-shrink-TUBING-MATERIAL--1536x857.webp 1536w, https:\/\/willele.net\/wp-content\/uploads\/2026\/04\/heat-shrink-TUBING-MATERIAL--2048x1143.webp 2048w, https:\/\/willele.net\/wp-content\/uploads\/2026\/04\/heat-shrink-TUBING-MATERIAL--18x10.webp 18w\" sizes=\"(max-width: 2560px) 100vw, 2560px\" \/><\/div><\/a>\n\t\t\t\t<div class=\"elementor-post__badge\">Noticias<\/div>\n\t\t\t\t<div class=\"elementor-post__text\">\n\t\t\t\t<h3 class=\"elementor-post__title\">\n\t\t\t<a href=\"https:\/\/willele.net\/es\/2026-how-to-identify-high-quality-heat-shrink-tubing\/\" >\n\t\t\t\t2026 How to Identify High Quality Heat Shrink Tubing?\t\t\t<\/a>\n\t\t<\/h3>\n\t\t\t\t<\/div>\n\t\t\t\t<div class=\"elementor-post__meta-data\">\n\t\t\t\t\t<span class=\"elementor-post-date\">\n\t\t\tabril 10, 2026\t\t<\/span>\n\t\t\t\t<\/div>\n\t\t\t\t\t<\/div>\n\t\t<\/article>\n\t\t\t\t<article class=\"elementor-post elementor-grid-item post-2542 post type-post status-publish format-standard has-post-thumbnail hentry category-news\">\n\t\t\t<div class=\"elementor-post__card\">\n\t\t\t\t<a class=\"elementor-post__thumbnail__link\" href=\"https:\/\/willele.net\/es\/military-and-defense-applications-of-heat-shrink-tubing\/\" tabindex=\"-1\" ><div class=\"elementor-post__thumbnail\"><img decoding=\"async\" width=\"2560\" height=\"1429\" src=\"https:\/\/willele.net\/wp-content\/uploads\/2026\/03\/Willele-Military-Heat-Shrink-Tubing-Industrial-Application-scaled.webp\" class=\"attachment-full size-full wp-image-2541\" alt=\"Willele Military Heat Shrink Tubing - Industrial Application\" srcset=\"https:\/\/willele.net\/wp-content\/uploads\/2026\/03\/Willele-Military-Heat-Shrink-Tubing-Industrial-Application-scaled.webp 2560w, https:\/\/willele.net\/wp-content\/uploads\/2026\/03\/Willele-Military-Heat-Shrink-Tubing-Industrial-Application-300x167.webp 300w, https:\/\/willele.net\/wp-content\/uploads\/2026\/03\/Willele-Military-Heat-Shrink-Tubing-Industrial-Application-1024x572.webp 1024w, https:\/\/willele.net\/wp-content\/uploads\/2026\/03\/Willele-Military-Heat-Shrink-Tubing-Industrial-Application-768x429.webp 768w, https:\/\/willele.net\/wp-content\/uploads\/2026\/03\/Willele-Military-Heat-Shrink-Tubing-Industrial-Application-1536x857.webp 1536w, https:\/\/willele.net\/wp-content\/uploads\/2026\/03\/Willele-Military-Heat-Shrink-Tubing-Industrial-Application-2048x1143.webp 2048w, https:\/\/willele.net\/wp-content\/uploads\/2026\/03\/Willele-Military-Heat-Shrink-Tubing-Industrial-Application-18x10.webp 18w\" sizes=\"(max-width: 2560px) 100vw, 2560px\" \/><\/div><\/a>\n\t\t\t\t<div class=\"elementor-post__badge\">Noticias<\/div>\n\t\t\t\t<div class=\"elementor-post__text\">\n\t\t\t\t<h3 class=\"elementor-post__title\">\n\t\t\t<a href=\"https:\/\/willele.net\/es\/military-and-defense-applications-of-heat-shrink-tubing\/\" >\n\t\t\t\tMilitary and Defense Applications of Heat Shrink Tubing\t\t\t<\/a>\n\t\t<\/h3>\n\t\t\t\t<\/div>\n\t\t\t\t<div class=\"elementor-post__meta-data\">\n\t\t\t\t\t<span class=\"elementor-post-date\">\n\t\t\tmarzo 19, 2026\t\t<\/span>\n\t\t\t\t<\/div>\n\t\t\t\t\t<\/div>\n\t\t<\/article>\n\t\t\t\t<article class=\"elementor-post elementor-grid-item post-2538 post type-post status-publish format-standard has-post-thumbnail hentry category-news\">\n\t\t\t<div class=\"elementor-post__card\">\n\t\t\t\t<a class=\"elementor-post__thumbnail__link\" href=\"https:\/\/willele.net\/es\/industrial-robotics-cable-protection-with-heat-shrinkable-tubes\/\" tabindex=\"-1\" ><div class=\"elementor-post__thumbnail\"><img loading=\"lazy\" decoding=\"async\" width=\"2560\" height=\"1429\" src=\"https:\/\/willele.net\/wp-content\/uploads\/2026\/03\/Industrial-Robotics-Cable-Protection-willele-scaled.webp\" class=\"attachment-full size-full wp-image-2537\" alt=\"Industrial Robotics Cable Protection - willele\" srcset=\"https:\/\/willele.net\/wp-content\/uploads\/2026\/03\/Industrial-Robotics-Cable-Protection-willele-scaled.webp 2560w, https:\/\/willele.net\/wp-content\/uploads\/2026\/03\/Industrial-Robotics-Cable-Protection-willele-300x167.webp 300w, https:\/\/willele.net\/wp-content\/uploads\/2026\/03\/Industrial-Robotics-Cable-Protection-willele-1024x572.webp 1024w, https:\/\/willele.net\/wp-content\/uploads\/2026\/03\/Industrial-Robotics-Cable-Protection-willele-768x429.webp 768w, https:\/\/willele.net\/wp-content\/uploads\/2026\/03\/Industrial-Robotics-Cable-Protection-willele-1536x857.webp 1536w, https:\/\/willele.net\/wp-content\/uploads\/2026\/03\/Industrial-Robotics-Cable-Protection-willele-2048x1143.webp 2048w, https:\/\/willele.net\/wp-content\/uploads\/2026\/03\/Industrial-Robotics-Cable-Protection-willele-18x10.webp 18w\" sizes=\"(max-width: 2560px) 100vw, 2560px\" \/><\/div><\/a>\n\t\t\t\t<div class=\"elementor-post__badge\">Noticias<\/div>\n\t\t\t\t<div class=\"elementor-post__text\">\n\t\t\t\t<h3 class=\"elementor-post__title\">\n\t\t\t<a href=\"https:\/\/willele.net\/es\/industrial-robotics-cable-protection-with-heat-shrinkable-tubes\/\" >\n\t\t\t\tIndustrial Robotics: Cable Protection with Heat Shrinkable Tubes\t\t\t<\/a>\n\t\t<\/h3>\n\t\t\t\t<\/div>\n\t\t\t\t<div class=\"elementor-post__meta-data\">\n\t\t\t\t\t<span class=\"elementor-post-date\">\n\t\t\tmarzo 13, 2026\t\t<\/span>\n\t\t\t\t<\/div>\n\t\t\t\t\t<\/div>\n\t\t<\/article>\n\t\t\t\t<article class=\"elementor-post elementor-grid-item post-2533 post type-post status-publish format-standard hentry category-news\">\n\t\t\t<div class=\"elementor-post__card\">\n\t\t\t\t<div class=\"elementor-post__text\">\n\t\t\t\t<h3 class=\"elementor-post__title\">\n\t\t\t<a href=\"https:\/\/willele.net\/es\/heat-shrink-tubing-for-aerospace-applications-requirements-and-best-practices\/\" >\n\t\t\t\tHeat Shrink Tubing for Aerospace Applications: Requirements and Best Practices\t\t\t<\/a>\n\t\t<\/h3>\n\t\t\t\t<\/div>\n\t\t\t\t<div class=\"elementor-post__meta-data\">\n\t\t\t\t\t<span class=\"elementor-post-date\">\n\t\t\tmarzo 9, 2026\t\t<\/span>\n\t\t\t\t<\/div>\n\t\t\t\t\t<\/div>\n\t\t<\/article>\n\t\t\t\t<article class=\"elementor-post elementor-grid-item post-2531 post type-post status-publish format-standard hentry category-news\">\n\t\t\t<div class=\"elementor-post__card\">\n\t\t\t\t<div class=\"elementor-post__text\">\n\t\t\t\t<h3 class=\"elementor-post__title\">\n\t\t\t<a href=\"https:\/\/willele.net\/es\/hvac-systems-using-heat-shrinkable-tubes-for-wire-organization\/\" >\n\t\t\t\tHVAC Systems: Using Heat Shrinkable Tubes for Wire Organization\t\t\t<\/a>\n\t\t<\/h3>\n\t\t\t\t<\/div>\n\t\t\t\t<div class=\"elementor-post__meta-data\">\n\t\t\t\t\t<span class=\"elementor-post-date\">\n\t\t\tmarzo 7, 2026\t\t<\/span>\n\t\t\t\t<\/div>\n\t\t\t\t\t<\/div>\n\t\t<\/article>\n\t\t\t\t<article class=\"elementor-post elementor-grid-item post-2526 post type-post status-publish format-standard has-post-thumbnail hentry category-news\">\n\t\t\t<div class=\"elementor-post__card\">\n\t\t\t\t<a class=\"elementor-post__thumbnail__link\" href=\"https:\/\/willele.net\/es\/medical-device-cable-protection-with-heat-shrink-tubing\/\" tabindex=\"-1\" ><div class=\"elementor-post__thumbnail\"><img loading=\"lazy\" decoding=\"async\" width=\"2560\" height=\"1429\" src=\"https:\/\/willele.net\/wp-content\/uploads\/2026\/03\/Willele-Medical-Grade-Heat-Shrink-Tubing-Industrial-Photography-scaled.webp\" class=\"attachment-full size-full wp-image-2528\" alt=\"Willele Medical Grade Heat Shrink Tubing - Industrial Photography\" srcset=\"https:\/\/willele.net\/wp-content\/uploads\/2026\/03\/Willele-Medical-Grade-Heat-Shrink-Tubing-Industrial-Photography-scaled.webp 2560w, https:\/\/willele.net\/wp-content\/uploads\/2026\/03\/Willele-Medical-Grade-Heat-Shrink-Tubing-Industrial-Photography-300x167.webp 300w, https:\/\/willele.net\/wp-content\/uploads\/2026\/03\/Willele-Medical-Grade-Heat-Shrink-Tubing-Industrial-Photography-1024x572.webp 1024w, https:\/\/willele.net\/wp-content\/uploads\/2026\/03\/Willele-Medical-Grade-Heat-Shrink-Tubing-Industrial-Photography-768x429.webp 768w, https:\/\/willele.net\/wp-content\/uploads\/2026\/03\/Willele-Medical-Grade-Heat-Shrink-Tubing-Industrial-Photography-1536x857.webp 1536w, https:\/\/willele.net\/wp-content\/uploads\/2026\/03\/Willele-Medical-Grade-Heat-Shrink-Tubing-Industrial-Photography-2048x1143.webp 2048w, https:\/\/willele.net\/wp-content\/uploads\/2026\/03\/Willele-Medical-Grade-Heat-Shrink-Tubing-Industrial-Photography-18x10.webp 18w\" sizes=\"(max-width: 2560px) 100vw, 2560px\" \/><\/div><\/a>\n\t\t\t\t<div class=\"elementor-post__badge\">Noticias<\/div>\n\t\t\t\t<div class=\"elementor-post__text\">\n\t\t\t\t<h3 class=\"elementor-post__title\">\n\t\t\t<a href=\"https:\/\/willele.net\/es\/medical-device-cable-protection-with-heat-shrink-tubing\/\" >\n\t\t\t\tMedical Device Cable Protection with Heat Shrink Tubing\t\t\t<\/a>\n\t\t<\/h3>\n\t\t\t\t<\/div>\n\t\t\t\t<div class=\"elementor-post__meta-data\">\n\t\t\t\t\t<span class=\"elementor-post-date\">\n\t\t\tmarzo 5, 2026\t\t<\/span>\n\t\t\t\t<\/div>\n\t\t\t\t\t<\/div>\n\t\t<\/article>\n\t\t\t\t<article class=\"elementor-post elementor-grid-item post-2521 post type-post status-publish format-standard has-post-thumbnail hentry category-news\">\n\t\t\t<div class=\"elementor-post__card\">\n\t\t\t\t<a class=\"elementor-post__thumbnail__link\" href=\"https:\/\/willele.net\/es\/railway-applications-flame-retardant-heat-shrink-tubing-requirements\/\" tabindex=\"-1\" ><div class=\"elementor-post__thumbnail\"><img loading=\"lazy\" decoding=\"async\" width=\"2560\" height=\"1429\" src=\"https:\/\/willele.net\/wp-content\/uploads\/2026\/03\/willele-Railway-Heat-Shrink-Tubing-Installation-scaled.webp\" class=\"attachment-full size-full wp-image-2519\" alt=\"willele Railway Heat-Shrink Tubing Installation\" srcset=\"https:\/\/willele.net\/wp-content\/uploads\/2026\/03\/willele-Railway-Heat-Shrink-Tubing-Installation-scaled.webp 2560w, https:\/\/willele.net\/wp-content\/uploads\/2026\/03\/willele-Railway-Heat-Shrink-Tubing-Installation-300x167.webp 300w, https:\/\/willele.net\/wp-content\/uploads\/2026\/03\/willele-Railway-Heat-Shrink-Tubing-Installation-1024x572.webp 1024w, https:\/\/willele.net\/wp-content\/uploads\/2026\/03\/willele-Railway-Heat-Shrink-Tubing-Installation-768x429.webp 768w, https:\/\/willele.net\/wp-content\/uploads\/2026\/03\/willele-Railway-Heat-Shrink-Tubing-Installation-1536x857.webp 1536w, https:\/\/willele.net\/wp-content\/uploads\/2026\/03\/willele-Railway-Heat-Shrink-Tubing-Installation-2048x1143.webp 2048w, https:\/\/willele.net\/wp-content\/uploads\/2026\/03\/willele-Railway-Heat-Shrink-Tubing-Installation-18x10.webp 18w\" sizes=\"(max-width: 2560px) 100vw, 2560px\" \/><\/div><\/a>\n\t\t\t\t<div class=\"elementor-post__badge\">Noticias<\/div>\n\t\t\t\t<div class=\"elementor-post__text\">\n\t\t\t\t<h3 class=\"elementor-post__title\">\n\t\t\t<a href=\"https:\/\/willele.net\/es\/railway-applications-flame-retardant-heat-shrink-tubing-requirements\/\" >\n\t\t\t\tRailway Applications: Flame-Retardant Heat-Shrink Tubing Requirements\t\t\t<\/a>\n\t\t<\/h3>\n\t\t\t\t<\/div>\n\t\t\t\t<div class=\"elementor-post__meta-data\">\n\t\t\t\t\t<span class=\"elementor-post-date\">\n\t\t\tmarzo 2, 2026\t\t<\/span>\n\t\t\t\t<\/div>\n\t\t\t\t\t<\/div>\n\t\t<\/article>\n\t\t\t\t<article class=\"elementor-post elementor-grid-item post-2515 post type-post status-publish format-standard has-post-thumbnail hentry category-news\">\n\t\t\t<div class=\"elementor-post__card\">\n\t\t\t\t<a class=\"elementor-post__thumbnail__link\" href=\"https:\/\/willele.net\/es\/emergency-lighting-systems-flame-retardant-heat-shrink-applications\/\" tabindex=\"-1\" ><div class=\"elementor-post__thumbnail\"><img loading=\"lazy\" decoding=\"async\" width=\"2560\" height=\"1429\" src=\"https:\/\/willele.net\/wp-content\/uploads\/2026\/02\/Emergency-Lighting-Heat-Shrink-Installation-willele-scaled.webp\" class=\"attachment-full size-full wp-image-2514\" alt=\"Emergency Lighting Heat-Shrink Installation - willele\" srcset=\"https:\/\/willele.net\/wp-content\/uploads\/2026\/02\/Emergency-Lighting-Heat-Shrink-Installation-willele-scaled.webp 2560w, https:\/\/willele.net\/wp-content\/uploads\/2026\/02\/Emergency-Lighting-Heat-Shrink-Installation-willele-300x167.webp 300w, https:\/\/willele.net\/wp-content\/uploads\/2026\/02\/Emergency-Lighting-Heat-Shrink-Installation-willele-1024x572.webp 1024w, https:\/\/willele.net\/wp-content\/uploads\/2026\/02\/Emergency-Lighting-Heat-Shrink-Installation-willele-768x429.webp 768w, https:\/\/willele.net\/wp-content\/uploads\/2026\/02\/Emergency-Lighting-Heat-Shrink-Installation-willele-1536x857.webp 1536w, https:\/\/willele.net\/wp-content\/uploads\/2026\/02\/Emergency-Lighting-Heat-Shrink-Installation-willele-2048x1143.webp 2048w, https:\/\/willele.net\/wp-content\/uploads\/2026\/02\/Emergency-Lighting-Heat-Shrink-Installation-willele-18x10.webp 18w\" sizes=\"(max-width: 2560px) 100vw, 2560px\" \/><\/div><\/a>\n\t\t\t\t<div class=\"elementor-post__badge\">Noticias<\/div>\n\t\t\t\t<div class=\"elementor-post__text\">\n\t\t\t\t<h3 class=\"elementor-post__title\">\n\t\t\t<a href=\"https:\/\/willele.net\/es\/emergency-lighting-systems-flame-retardant-heat-shrink-applications\/\" >\n\t\t\t\tEmergency Lighting Systems: Flame-Retardant Heat-Shrink Applications\t\t\t<\/a>\n\t\t<\/h3>\n\t\t\t\t<\/div>\n\t\t\t\t<div class=\"elementor-post__meta-data\">\n\t\t\t\t\t<span class=\"elementor-post-date\">\n\t\t\tfebrero 10, 2026\t\t<\/span>\n\t\t\t\t<\/div>\n\t\t\t\t\t<\/div>\n\t\t<\/article>\n\t\t\t\t<\/div>\n\t\t\n\t\t\t\t<div class=\"e-load-more-anchor\" data-page=\"1\" data-max-page=\"8\" data-next-page=\"https:\/\/willele.net\/wp-json\/wp\/v2\/pages\/1654\/page\/2\/\"><\/div>\n\t\t\t\t<nav class=\"elementor-pagination\" aria-label=\"Paginaci\u00f3n\">\n\t\t\t<span aria-current=\"page\" class=\"page-numbers current\"><span class=\"elementor-screen-only\">P\u00e1gina<\/span>1<\/span>\n<a class=\"page-numbers\" href=\"https:\/\/willele.net\/wp-json\/wp\/v2\/pages\/1654\/page\/2\/\"><span class=\"elementor-screen-only\">P\u00e1gina<\/span>2<\/a>\n<a class=\"page-numbers\" href=\"https:\/\/willele.net\/wp-json\/wp\/v2\/pages\/1654\/page\/3\/\"><span class=\"elementor-screen-only\">P\u00e1gina<\/span>3<\/a>\n<a class=\"page-numbers\" href=\"https:\/\/willele.net\/wp-json\/wp\/v2\/pages\/1654\/page\/4\/\"><span class=\"elementor-screen-only\">P\u00e1gina<\/span>4<\/a>\n<a class=\"page-numbers\" href=\"https:\/\/willele.net\/wp-json\/wp\/v2\/pages\/1654\/page\/5\/\"><span class=\"elementor-screen-only\">P\u00e1gina<\/span>5<\/a>\n<a class=\"page-numbers\" href=\"https:\/\/willele.net\/wp-json\/wp\/v2\/pages\/1654\/page\/6\/\"><span class=\"elementor-screen-only\">P\u00e1gina<\/span>6<\/a>\t\t<\/nav>\n\t\t\t\t\t\t<\/div>\n\t\t\t\t<\/div>\n\t\t\t\t\t<\/div>\n\t\t\t\t<\/div>\n\t\t\t\t<\/div>","protected":false},"excerpt":{"rendered":"<p>BLOG Obtenga informaci\u00f3n sobre los tubos termorretr\u00e1ctiles WillELE e historias inspiradoras de expertos en primera l\u00ednea.<\/p>","protected":false},"author":1,"featured_media":0,"parent":0,"menu_order":0,"comment_status":"closed","ping_status":"closed","template":"","meta":{"footnotes":""},"class_list":["post-1654","page","type-page","status-publish","hentry"],"_links":{"self":[{"href":"https:\/\/willele.net\/es\/wp-json\/wp\/v2\/pages\/1654","targetHints":{"allow":["GET"]}}],"collection":[{"href":"https:\/\/willele.net\/es\/wp-json\/wp\/v2\/pages"}],"about":[{"href":"https:\/\/willele.net\/es\/wp-json\/wp\/v2\/types\/page"}],"author":[{"embeddable":true,"href":"https:\/\/willele.net\/es\/wp-json\/wp\/v2\/users\/1"}],"replies":[{"embeddable":true,"href":"https:\/\/willele.net\/es\/wp-json\/wp\/v2\/comments?post=1654"}],"version-history":[{"count":7,"href":"https:\/\/willele.net\/es\/wp-json\/wp\/v2\/pages\/1654\/revisions"}],"predecessor-version":[{"id":1663,"href":"https:\/\/willele.net\/es\/wp-json\/wp\/v2\/pages\/1654\/revisions\/1663"}],"wp:attachment":[{"href":"https:\/\/willele.net\/es\/wp-json\/wp\/v2\/media?parent=1654"}],"curies":[{"name":"wp","href":"https:\/\/api.w.org\/{rel}","templated":true}]}}