{"id":749,"date":"2024-11-08T08:44:20","date_gmt":"2024-11-08T08:44:20","guid":{"rendered":"https:\/\/willele.net\/?page_id=749"},"modified":"2024-12-13T08:26:06","modified_gmt":"2024-12-13T08:26:06","slug":"terms-conditions","status":"publish","type":"page","link":"https:\/\/willele.net\/it\/terms-conditions\/","title":{"rendered":"Termini e condizioni"},"content":{"rendered":"<div data-elementor-type=\"wp-page\" data-elementor-id=\"749\" class=\"elementor elementor-749\" data-elementor-post-type=\"page\">\n\t\t\t\t<div class=\"elementor-element elementor-element-df1507b e-flex e-con-boxed e-con e-parent\" data-id=\"df1507b\" data-element_type=\"container\" data-e-type=\"container\">\n\t\t\t\t\t<div class=\"e-con-inner\">\n\t\t\t\t<div class=\"elementor-element elementor-element-58c9e87 elementor-widget elementor-widget-spacer\" data-id=\"58c9e87\" data-element_type=\"widget\" data-e-type=\"widget\" data-widget_type=\"spacer.default\">\n\t\t\t\t<div class=\"elementor-widget-container\">\n\t\t\t\t\t\t\t<div class=\"elementor-spacer\">\n\t\t\t<div class=\"elementor-spacer-inner\"><\/div>\n\t\t<\/div>\n\t\t\t\t\t\t<\/div>\n\t\t\t\t<\/div>\n\t\t\t\t\t<\/div>\n\t\t\t\t<\/div>\n\t\t<div class=\"elementor-element elementor-element-8fd133f e-flex e-con-boxed e-con e-parent\" data-id=\"8fd133f\" data-element_type=\"container\" data-e-type=\"container\">\n\t\t\t\t\t<div class=\"e-con-inner\">\n\t\t\t\t<div class=\"elementor-element elementor-element-f76a513 elementor-widget elementor-widget-heading\" data-id=\"f76a513\" data-element_type=\"widget\" data-e-type=\"widget\" data-widget_type=\"heading.default\">\n\t\t\t\t<div class=\"elementor-widget-container\">\n\t\t\t\t\t<h1 class=\"elementor-heading-title elementor-size-default\">Termini e condizioni\n<\/h1>\t\t\t\t<\/div>\n\t\t\t\t<\/div>\n\t\t\t\t<div class=\"elementor-element elementor-element-226b287 elementor-widget elementor-widget-text-editor\" data-id=\"226b287\" data-element_type=\"widget\" data-e-type=\"widget\" data-widget_type=\"text-editor.default\">\n\t\t\t\t<div class=\"elementor-widget-container\">\n\t\t\t\t\t\t\t\t\t<div class=\"willele\"><p><b>Ultimo aggiornamento 12 ottobre 2024<\/b><\/p><p class=\"p1\">Benvenuti a <strong>WILLELE<\/strong>!<\/p><p class=\"p1\">I presenti termini e condizioni definiscono le norme e i regolamenti per l'utilizzo del sito web di WILLELE, situato all'indirizzo <a href=\"https:\/\/willele.net\/it\"><span class=\"s1\">https:\/\/willele.net<\/span><\/a>.<\/p><p class=\"p1\">Accedendo a questo sito web, si presume che accettiate questi termini e condizioni. Non continuate a utilizzare WILLELE se non accettate tutti i termini e le condizioni indicati in questa pagina.<\/p><h2><b>Cookie:<\/b><\/h2><p class=\"p1\">Il sito web utilizza i cookie per personalizzare la vostra esperienza online. Accedendo a WILLELE, l'utente accetta di utilizzare i cookie richiesti.<\/p><p class=\"p1\">Un cookie \u00e8 un file di testo collocato sul disco rigido da un server di pagine Web. I cookie non possono essere utilizzati per eseguire programmi o trasmettere virus al computer dell'utente. I cookie sono assegnati in modo univoco all'utente e possono essere letti solo da un server Web del dominio che ha emesso il cookie.<\/p><p class=\"p1\">Per il funzionamento del nostro sito web, possiamo utilizzare i cookie per raccogliere, memorizzare e tracciare informazioni a fini statistici o di marketing. \u00c8 possibile accettare o rifiutare i cookie opzionali. Esistono alcuni cookie obbligatori, necessari per il funzionamento del nostro sito web. Questi cookie non richiedono il vostro consenso. Accettando i cookie obbligatori, accettate anche i cookie di terze parti utilizzati attraverso servizi forniti da terzi, come le finestre di visualizzazione video.<\/p><h2><b>Licenza:<\/b><\/h2><p class=\"p1\">Se non diversamente specificato, WILLELE e\/o i suoi licenziatari detengono i diritti di propriet\u00e0 intellettuale per tutto il materiale presente su WILLELE. Tutti i diritti di propriet\u00e0 intellettuale sono riservati. \u00c8 possibile accedere a questo materiale da WILLELE per uso personale, nel rispetto delle restrizioni previste dai presenti termini e condizioni.<\/p><p class=\"p1\">Non si deve:<\/p><ul><li>Copiare o ripubblicare materiale da WILLELE<\/li><li>Vendere, affittare o concedere in sublicenza materiale di WILLELE<\/li><li>Riprodurre, duplicare o copiare materiale da WILLELE<\/li><li>Ridistribuire i contenuti di WILLELE<\/li><\/ul><p class=\"p1\">Il presente Accordo decorre dalla data del presente documento.<\/p><h2><b>Commenti:<\/b><\/h2><p class=\"p1\">Alcune parti di questo sito web consentono agli utenti di pubblicare e scambiare opinioni e informazioni. WILLELE non filtra, modifica, pubblica o rivede i commenti prima che appaiano sul sito. I commenti non riflettono i punti di vista e le opinioni di WILLELE, dei suoi agenti e\/o affiliati. WILLELE non sar\u00e0 responsabile dei commenti o di qualsiasi responsabilit\u00e0, danno o spesa causati e\/o subiti in seguito all'uso e\/o alla pubblicazione e\/o alla comparsa dei commenti su questo sito web.<\/p><p class=\"p1\">WILLELE si riserva il diritto di monitorare tutti i commenti e di rimuovere quelli inappropriati, offensivi o che violano i presenti Termini e condizioni.<\/p><p class=\"p1\">L'utente garantisce e dichiara che:<\/p><ul><li class=\"p3\">L'utente \u00e8 autorizzato a pubblicare i commenti sul nostro sito web e dispone di tutte le licenze e i consensi necessari per farlo;<\/li><li class=\"p3\">I commenti non violano alcun diritto di propriet\u00e0 intellettuale, inclusi, senza limitazioni, diritti d'autore, brevetti o marchi di terzi;<\/li><li class=\"p3\">I commenti non contengono materiale diffamatorio, calunnioso, offensivo, indecente o comunque illegale, che costituisca una violazione della privacy;<\/li><li class=\"p3\">I commenti non saranno utilizzati per sollecitare o promuovere affari o consuetudini o presentare attivit\u00e0 commerciali o attivit\u00e0 illecite.<\/li><\/ul><p class=\"p1\">L'utente concede a WILLELE una licenza non esclusiva per utilizzare, riprodurre, modificare e autorizzare altri a utilizzare, riprodurre e modificare qualsiasi commento dell'utente in qualsiasi forma, formato o media.<\/p><h2><b>Collegamento ipertestuale al nostro Contenuto:<\/b><\/h2><p class=\"p1\">Le seguenti organizzazioni possono collegarsi al nostro sito web senza previa approvazione scritta:<\/p><ul><li class=\"p3\">Agenzie governative;<\/li><li class=\"p3\">Motori di ricerca;<\/li><li class=\"p3\">Organizzazioni giornalistiche;<\/li><li class=\"p3\">I distributori di elenchi online possono collegarsi al nostro sito web nello stesso modo in cui si collegano ai siti web di altre aziende elencate; e<\/li><li class=\"p3\">Le aziende accreditate a livello di sistema, ad eccezione delle organizzazioni no-profit, dei centri commerciali di beneficenza e dei gruppi di raccolta fondi di beneficenza.<\/li><\/ul><p class=\"p1\">Queste organizzazioni possono inserire un link alla nostra home page, alle nostre pubblicazioni o ad altre informazioni del sito web, a condizione che il link: (a) non sia ingannevole; (b) non implichi falsamente la sponsorizzazione, l'avallo o l'approvazione; e (c) si inserisca nel contesto del sito del linkante.<\/p><p class=\"p1\">Possiamo prendere in considerazione e approvare altre richieste di link da parte di organizzazioni quali fonti di informazioni sui consumatori e\/o sulle imprese, siti di comunit\u00e0 dot.com, associazioni o gruppi che rappresentano enti di beneficenza, distributori di elenchi online, portali Internet, studi di contabilit\u00e0, legali e di consulenza, istituzioni educative e associazioni di categoria.<\/p><p class=\"p1\">Approveremo le richieste di link se: (a) il link non ci fa apparire in modo sfavorevole; (b) l'organizzazione non ha precedenti negativi con noi; (c) il beneficio per noi derivante dalla visibilit\u00e0 compensa l'assenza di WILLELE; e (d) il link \u00e8 nel contesto di informazioni generali sulle risorse.<\/p><p class=\"p1\">Le organizzazioni autorizzate possono collegarsi al nostro sito web utilizzando:<\/p><ul><li class=\"p3\">La nostra ragione sociale;<\/li><li class=\"p3\">Il localizzatore uniforme di risorse a cui ci si collega; oppure<\/li><li class=\"p3\">Qualsiasi altra descrizione del nostro sito web che si inserisca nel contesto e nel formato dei contenuti del sito del linkante.<\/li><\/ul><p class=\"p1\">Non \u00e8 consentito l'uso del logo WILLELE o di altre opere d'arte per il linking in assenza di un accordo di licenza del marchio.<\/p><h2><b>Responsabilit\u00e0 del contenuto:<\/b><\/h2><p class=\"p1\">Non saremo responsabili per i contenuti che appaiono sul vostro sito web. L'utente accetta di proteggerci e difenderci da qualsiasi reclamo sollevato dal suo sito web. Nessun link deve apparire su alcun sito web che possa essere interpretato come diffamatorio, osceno, criminale o che infranga, violi o sostenga l'infrazione o la violazione di diritti di terzi.<\/p><h2><b>Riserva di diritti:<\/b><\/h2><p class=\"p1\">Ci riserviamo il diritto di richiedere la rimozione di tutti i link o di un particolare link al nostro sito web. L'utente accetta di rimuovere immediatamente tutti i link su richiesta. Ci riserviamo inoltre il diritto di modificare i presenti termini e condizioni e la politica di collegamento in qualsiasi momento. Collegandovi continuamente al nostro Sito web, accettate di essere vincolati e di seguire i presenti termini e condizioni di collegamento.<\/p><h2><b>Rimozione di link dal nostro sito web:<\/b><\/h2><p class=\"p1\">Se nel nostro sito web trovate un link offensivo per qualsiasi motivo, non esitate a contattarci. Prenderemo in considerazione le richieste di rimozione dei link, ma non siamo obbligati a rispondere direttamente.<\/p><p class=\"p1\">Non garantiamo che le informazioni contenute in questo sito web siano corrette. Non ne garantiamo la completezza o l'accuratezza, n\u00e9 ci impegniamo a garantire che il sito rimanga disponibile o che il materiale sia aggiornato.<\/p><p class=\"p1\"><b>Esclusione di responsabilit\u00e0:<\/b><\/p><p class=\"p1\">Nella misura massima consentita dalla legge, escludiamo tutte le dichiarazioni, garanzie e condizioni relative al nostro sito web e all'uso di questo sito web. Nulla di quanto contenuto nella presente clausola di esclusione della responsabilit\u00e0:<\/p><ul><li class=\"p3\">limitare o escludere la nostra o la vostra responsabilit\u00e0 per morte o lesioni personali;<\/li><li class=\"p3\">limitare o escludere la nostra o la vostra responsabilit\u00e0 per frode o falsa dichiarazione fraudolenta;<\/li><li class=\"p3\">limitare una qualsiasi delle nostre o vostre responsabilit\u00e0 in un modo che non sia consentito dalla legge applicabile; oppure<\/li><li class=\"p3\">escludere qualsiasi nostra o vostra responsabilit\u00e0 che non possa essere esclusa ai sensi della legge applicabile.<\/li><\/ul><p class=\"p1\">Le limitazioni e i divieti di responsabilit\u00e0 contenuti in questa sezione e in altri punti della presente clausola di esclusione della responsabilit\u00e0: (a) sono soggetti al paragrafo precedente; e (b) disciplinano tutte le responsabilit\u00e0 derivanti dalla clausola di esclusione della responsabilit\u00e0, comprese le responsabilit\u00e0 derivanti da contratto, illecito civile e violazione di obblighi di legge.<\/p><p class=\"p1\">Finch\u00e9 il sito web e le informazioni e i servizi sono forniti gratuitamente, non saremo responsabili di eventuali perdite o danni.<\/p><p class=\"p1\"><b>Contatto<\/b>: willele@willele.com<\/p><\/div>\t\t\t\t\t\t\t\t<\/div>\n\t\t\t\t<\/div>\n\t\t\t\t\t<\/div>\n\t\t\t\t<\/div>\n\t\t\t\t<\/div>","protected":false},"excerpt":{"rendered":"<p>Terms &amp; Conditions Last updated October 12, 2024 Welcome to WILLELE! These terms and conditions outline the rules and regulations for using WILLELE\u2019s website, located at https:\/\/willele.net. By accessing this website, we assume you accept these terms and conditions. Do not continue to use WILLELE if you do not agree to take all of the [&hellip;]<\/p>","protected":false},"author":1,"featured_media":0,"parent":0,"menu_order":0,"comment_status":"closed","ping_status":"closed","template":"","meta":{"footnotes":""},"class_list":["post-749","page","type-page","status-publish","hentry"],"_links":{"self":[{"href":"https:\/\/willele.net\/it\/wp-json\/wp\/v2\/pages\/749","targetHints":{"allow":["GET"]}}],"collection":[{"href":"https:\/\/willele.net\/it\/wp-json\/wp\/v2\/pages"}],"about":[{"href":"https:\/\/willele.net\/it\/wp-json\/wp\/v2\/types\/page"}],"author":[{"embeddable":true,"href":"https:\/\/willele.net\/it\/wp-json\/wp\/v2\/users\/1"}],"replies":[{"embeddable":true,"href":"https:\/\/willele.net\/it\/wp-json\/wp\/v2\/comments?post=749"}],"version-history":[{"count":14,"href":"https:\/\/willele.net\/it\/wp-json\/wp\/v2\/pages\/749\/revisions"}],"predecessor-version":[{"id":2027,"href":"https:\/\/willele.net\/it\/wp-json\/wp\/v2\/pages\/749\/revisions\/2027"}],"wp:attachment":[{"href":"https:\/\/willele.net\/it\/wp-json\/wp\/v2\/media?parent=749"}],"curies":[{"name":"wp","href":"https:\/\/api.w.org\/{rel}","templated":true}]}}