{"id":749,"date":"2024-11-08T08:44:20","date_gmt":"2024-11-08T08:44:20","guid":{"rendered":"https:\/\/willele.net\/?page_id=749"},"modified":"2024-12-13T08:26:06","modified_gmt":"2024-12-13T08:26:06","slug":"terms-conditions","status":"publish","type":"page","link":"https:\/\/willele.net\/pt\/terms-conditions\/","title":{"rendered":"Termos e condi\u00e7\u00f5es"},"content":{"rendered":"<div data-elementor-type=\"wp-page\" data-elementor-id=\"749\" class=\"elementor elementor-749\" data-elementor-post-type=\"page\">\n\t\t\t\t<div class=\"elementor-element elementor-element-df1507b e-flex e-con-boxed e-con e-parent\" data-id=\"df1507b\" data-element_type=\"container\" data-e-type=\"container\">\n\t\t\t\t\t<div class=\"e-con-inner\">\n\t\t\t\t<div class=\"elementor-element elementor-element-58c9e87 elementor-widget elementor-widget-spacer\" data-id=\"58c9e87\" data-element_type=\"widget\" data-e-type=\"widget\" data-widget_type=\"spacer.default\">\n\t\t\t\t<div class=\"elementor-widget-container\">\n\t\t\t\t\t\t\t<div class=\"elementor-spacer\">\n\t\t\t<div class=\"elementor-spacer-inner\"><\/div>\n\t\t<\/div>\n\t\t\t\t\t\t<\/div>\n\t\t\t\t<\/div>\n\t\t\t\t\t<\/div>\n\t\t\t\t<\/div>\n\t\t<div class=\"elementor-element elementor-element-8fd133f e-flex e-con-boxed e-con e-parent\" data-id=\"8fd133f\" data-element_type=\"container\" data-e-type=\"container\">\n\t\t\t\t\t<div class=\"e-con-inner\">\n\t\t\t\t<div class=\"elementor-element elementor-element-f76a513 elementor-widget elementor-widget-heading\" data-id=\"f76a513\" data-element_type=\"widget\" data-e-type=\"widget\" data-widget_type=\"heading.default\">\n\t\t\t\t<div class=\"elementor-widget-container\">\n\t\t\t\t\t<h1 class=\"elementor-heading-title elementor-size-default\">Termos e condi\u00e7\u00f5es\n<\/h1>\t\t\t\t<\/div>\n\t\t\t\t<\/div>\n\t\t\t\t<div class=\"elementor-element elementor-element-226b287 elementor-widget elementor-widget-text-editor\" data-id=\"226b287\" data-element_type=\"widget\" data-e-type=\"widget\" data-widget_type=\"text-editor.default\">\n\t\t\t\t<div class=\"elementor-widget-container\">\n\t\t\t\t\t\t\t\t\t<div class=\"willele\"><p><b>\u00daltima atualiza\u00e7\u00e3o em 12 de outubro de 2024<\/b><\/p><p class=\"p1\">Bem-vindo ao <strong>WILLELE<\/strong>!<\/p><p class=\"p1\">Estes termos e condi\u00e7\u00f5es descrevem as regras e regulamentos para a utiliza\u00e7\u00e3o do s\u00edtio Web da WILLELE, localizado em <a href=\"https:\/\/willele.net\/pt\"><span class=\"s1\">https:\/\/willele.net<\/span><\/a>.<\/p><p class=\"p1\">Ao aceder a este s\u00edtio web, assumimos que aceita estes termos e condi\u00e7\u00f5es. N\u00e3o continue a utilizar a WILLELE se n\u00e3o estiver de acordo com todos os termos e condi\u00e7\u00f5es indicados nesta p\u00e1gina.<\/p><h2><b>Cookies:<\/b><\/h2><p class=\"p1\">O s\u00edtio Web utiliza cookies para ajudar a personalizar a sua experi\u00eancia online. Ao aceder \u00e0 WILLELE, o utilizador concorda com a utiliza\u00e7\u00e3o dos cookies necess\u00e1rios.<\/p><p class=\"p1\">Um cookie \u00e9 um ficheiro de texto colocado no seu disco r\u00edgido por um servidor de p\u00e1ginas Web. Os cookies n\u00e3o podem ser utilizados para executar programas ou introduzir v\u00edrus no seu computador. Os cookies s\u00e3o atribu\u00eddos exclusivamente ao utilizador e s\u00f3 podem ser lidos por um servidor Web no dom\u00ednio que emitiu o cookie.<\/p><p class=\"p1\">Para operar o nosso s\u00edtio Web, podemos utilizar cookies para recolher, armazenar e rastrear informa\u00e7\u00f5es para fins estat\u00edsticos ou de marketing. O utilizador pode aceitar ou recusar cookies opcionais. Existem alguns cookies obrigat\u00f3rios necess\u00e1rios para o funcionamento do nosso s\u00edtio Web. Estes cookies n\u00e3o requerem o seu consentimento. Ao aceitar os cookies necess\u00e1rios, tamb\u00e9m aceita cookies de terceiros utilizados atrav\u00e9s de servi\u00e7os fornecidos por terceiros, como janelas de visualiza\u00e7\u00e3o de v\u00eddeo.<\/p><h2><b>Licen\u00e7a:<\/b><\/h2><p class=\"p1\">Salvo indica\u00e7\u00e3o em contr\u00e1rio, a WILLELE e\/ou os seus licenciantes det\u00eam os direitos de propriedade intelectual de todo o material da WILLELE. Todos os direitos de propriedade intelectual s\u00e3o reservados. O utilizador pode aceder a este material da WILLELE para seu uso pessoal, sujeito \u00e0s restri\u00e7\u00f5es destes termos e condi\u00e7\u00f5es.<\/p><p class=\"p1\">N\u00e3o pode:<\/p><ul><li>Copiar ou republicar material da WILLELE<\/li><li>Vender, alugar ou sublicenciar material da WILLELE<\/li><li>Reproduzir, duplicar ou copiar material da WILLELE<\/li><li>Redistribuir conte\u00fado de WILLELE<\/li><\/ul><p class=\"p1\">O presente acordo tem in\u00edcio na data do mesmo.<\/p><h2><b>Coment\u00e1rios:<\/b><\/h2><p class=\"p1\">Partes deste s\u00edtio Web permitem aos utilizadores publicar e trocar opini\u00f5es e informa\u00e7\u00f5es. A WILLELE n\u00e3o filtra, edita, publica ou rev\u00ea os coment\u00e1rios antes de aparecerem no s\u00edtio web. Os coment\u00e1rios n\u00e3o refletem os pontos de vista e opini\u00f5es da WILLELE, seus agentes e\/ou afiliados. A WILLELE n\u00e3o ser\u00e1 respons\u00e1vel pelos coment\u00e1rios ou por qualquer responsabilidade, dano ou despesa causada e\/ou sofrida como resultado de qualquer uso e\/ou publica\u00e7\u00e3o e\/ou apari\u00e7\u00e3o dos coment\u00e1rios neste s\u00edtio web.<\/p><p class=\"p1\">A WILLELE reserva-se o direito de monitorizar todos os coment\u00e1rios e remover quaisquer coment\u00e1rios que sejam inapropriados, ofensivos ou que violem estes Termos e Condi\u00e7\u00f5es.<\/p><p class=\"p1\">O utilizador garante e declara que:<\/p><ul><li class=\"p3\">O utilizador tem o direito de publicar os coment\u00e1rios no nosso s\u00edtio Web e possui todas as licen\u00e7as e autoriza\u00e7\u00f5es necess\u00e1rias para o fazer;<\/li><li class=\"p3\">Os coment\u00e1rios n\u00e3o violam qualquer direito de propriedade intelectual, incluindo, sem limita\u00e7\u00e3o, direitos de autor, patentes ou marcas registadas de terceiros;<\/li><li class=\"p3\">Os coment\u00e1rios n\u00e3o cont\u00eam qualquer material difamat\u00f3rio, calunioso, ofensivo, indecente ou de outra forma ilegal, que constitua uma invas\u00e3o de privacidade;<\/li><li class=\"p3\">Os coment\u00e1rios n\u00e3o ser\u00e3o utilizados para solicitar ou promover neg\u00f3cios ou costumes ou apresentar actividades comerciais ou actividades ilegais.<\/li><\/ul><p class=\"p1\">O utilizador concede \u00e0 WILLELE uma licen\u00e7a n\u00e3o exclusiva para utilizar, reproduzir, editar e autorizar outros a utilizar, reproduzir e editar qualquer um dos seus coment\u00e1rios em todas as formas, formatos ou meios.<\/p><h2><b>Hiperliga\u00e7\u00e3o ao nosso Conte\u00fado:<\/b><\/h2><p class=\"p1\">As seguintes organiza\u00e7\u00f5es podem estabelecer liga\u00e7\u00f5es ao nosso s\u00edtio Web sem autoriza\u00e7\u00e3o pr\u00e9via por escrito:<\/p><ul><li class=\"p3\">Ag\u00eancias governamentais;<\/li><li class=\"p3\">Motores de pesquisa;<\/li><li class=\"p3\">Organiza\u00e7\u00f5es noticiosas;<\/li><li class=\"p3\">Os distribuidores de diret\u00f3rios online podem estabelecer liga\u00e7\u00f5es ao nosso s\u00edtio Web da mesma forma que estabelecem hiperliga\u00e7\u00f5es para os s\u00edtios Web de outras empresas listadas; e<\/li><li class=\"p3\">Empresas acreditadas em todo o sistema, exceto organiza\u00e7\u00f5es sem fins lucrativos, centros comerciais de benefic\u00eancia e grupos de angaria\u00e7\u00e3o de fundos de benefic\u00eancia.<\/li><\/ul><p class=\"p1\">Estas organiza\u00e7\u00f5es podem estabelecer liga\u00e7\u00f5es \u00e0 nossa p\u00e1gina inicial, publica\u00e7\u00f5es ou outras informa\u00e7\u00f5es do s\u00edtio Web, desde que a liga\u00e7\u00e3o (a) n\u00e3o seja enganosa; (b) n\u00e3o implique falsamente patroc\u00ednio, endosso ou aprova\u00e7\u00e3o; e (c) se enquadre no contexto do s\u00edtio da parte que estabelece a liga\u00e7\u00e3o.<\/p><p class=\"p1\">Podemos considerar e aprovar outros pedidos de liga\u00e7\u00e3o de organiza\u00e7\u00f5es como fontes de informa\u00e7\u00e3o para consumidores e\/ou empresas, s\u00edtios de comunidades dot.com, associa\u00e7\u00f5es ou grupos que representem institui\u00e7\u00f5es de caridade, distribuidores de diret\u00f3rios em linha, portais da Internet, empresas de contabilidade, direito e consultoria, institui\u00e7\u00f5es de ensino e associa\u00e7\u00f5es comerciais.<\/p><p class=\"p1\">Aprovaremos os pedidos de links se: (a) a hiperliga\u00e7\u00e3o n\u00e3o nos prejudica; (b) a organiza\u00e7\u00e3o n\u00e3o tem registos negativos connosco; (c) o benef\u00edcio para n\u00f3s da visibilidade compensa a aus\u00eancia da WILLELE; e (d) a hiperliga\u00e7\u00e3o est\u00e1 no contexto de informa\u00e7\u00e3o geral de recursos.<\/p><p class=\"p1\">As organiza\u00e7\u00f5es aprovadas podem criar hiperliga\u00e7\u00f5es para o nosso Website utilizando:<\/p><ul><li class=\"p3\">A nossa denomina\u00e7\u00e3o social;<\/li><li class=\"p3\">O localizador uniforme de recursos que est\u00e1 a ser ligado; ou<\/li><li class=\"p3\">Qualquer outra descri\u00e7\u00e3o do nosso s\u00edtio Web que se enquadre no contexto e formato do conte\u00fado do s\u00edtio da parte que estabelece a liga\u00e7\u00e3o.<\/li><\/ul><p class=\"p1\">N\u00e3o \u00e9 permitida a utiliza\u00e7\u00e3o do log\u00f3tipo da WILLELE ou de outra arte para liga\u00e7\u00e3o sem um acordo de licen\u00e7a de marca registada.<\/p><h2><b>Responsabilidade pelo conte\u00fado:<\/b><\/h2><p class=\"p1\">N\u00e3o seremos respons\u00e1veis por qualquer conte\u00fado que apare\u00e7a no seu s\u00edtio Web. O utilizador concorda em proteger-nos e defender-nos contra todas as reclama\u00e7\u00f5es apresentadas no seu s\u00edtio Web. N\u00e3o devem aparecer liga\u00e7\u00f5es em nenhum s\u00edtio Web que possam ser interpretadas como difamat\u00f3rias, obscenas, criminosas ou que infrinjam, violem ou defendam a infra\u00e7\u00e3o ou viola\u00e7\u00e3o de quaisquer direitos de terceiros.<\/p><h2><b>Reserva de direitos:<\/b><\/h2><p class=\"p1\">Reservamo-nos o direito de solicitar a remo\u00e7\u00e3o de todas as liga\u00e7\u00f5es ou de qualquer liga\u00e7\u00e3o espec\u00edfica ao nosso s\u00edtio Web. O utilizador concorda em remover imediatamente todas as hiperliga\u00e7\u00f5es mediante pedido. Tamb\u00e9m nos reservamos o direito de alterar estes termos e condi\u00e7\u00f5es e a sua pol\u00edtica de liga\u00e7\u00e3o em qualquer altura. Ao estabelecer continuamente uma liga\u00e7\u00e3o ao nosso s\u00edtio Web, o utilizador concorda em ficar vinculado e seguir estes termos e condi\u00e7\u00f5es de liga\u00e7\u00e3o.<\/p><h2><b>Remo\u00e7\u00e3o de liga\u00e7\u00f5es do nosso s\u00edtio Web:<\/b><\/h2><p class=\"p1\">Se encontrar alguma liga\u00e7\u00e3o no nosso Web site que seja ofensiva por qualquer motivo, n\u00e3o hesite em contactar-nos. Teremos em considera\u00e7\u00e3o os pedidos de remo\u00e7\u00e3o de liga\u00e7\u00f5es, mas n\u00e3o somos obrigados a responder diretamente.<\/p><p class=\"p1\">N\u00e3o garantimos que as informa\u00e7\u00f5es contidas neste s\u00edtio Web estejam corretas. N\u00e3o garantimos a sua integridade ou exatid\u00e3o, nem prometemos assegurar que o s\u00edtio Web permanece dispon\u00edvel ou que o material \u00e9 mantido atualizado.<\/p><p class=\"p1\"><b>Exonera\u00e7\u00e3o de responsabilidade:<\/b><\/p><p class=\"p1\">Na medida m\u00e1xima permitida por lei, exclu\u00edmos todas as representa\u00e7\u00f5es, garantias e condi\u00e7\u00f5es relacionadas com o nosso s\u00edtio Web e a utiliza\u00e7\u00e3o deste s\u00edtio Web. Nada nesta declara\u00e7\u00e3o de exonera\u00e7\u00e3o de responsabilidade ser\u00e1:<\/p><ul><li class=\"p3\">limitar ou excluir a nossa ou a sua responsabilidade por morte ou danos pessoais;<\/li><li class=\"p3\">limitar ou excluir a nossa ou a sua responsabilidade por fraude ou falsas declara\u00e7\u00f5es fraudulentas;<\/li><li class=\"p3\">limitar qualquer uma das nossas ou das suas responsabilidades de qualquer forma que n\u00e3o seja permitida pela lei aplic\u00e1vel; ou<\/li><li class=\"p3\">excluir qualquer responsabilidade nossa ou do utilizador que n\u00e3o possa ser exclu\u00edda ao abrigo da legisla\u00e7\u00e3o aplic\u00e1vel.<\/li><\/ul><p class=\"p1\">As limita\u00e7\u00f5es e proibi\u00e7\u00f5es de responsabilidade nesta sec\u00e7\u00e3o e noutras partes da presente declara\u00e7\u00e3o de exonera\u00e7\u00e3o de responsabilidade: (a) est\u00e3o sujeitas ao par\u00e1grafo anterior; e (b) regem todas as responsabilidades decorrentes da declara\u00e7\u00e3o de exonera\u00e7\u00e3o de responsabilidade, incluindo as responsabilidades decorrentes de contrato, ato il\u00edcito e viola\u00e7\u00e3o de deveres legais.<\/p><p class=\"p1\">Enquanto o s\u00edtio Web e as informa\u00e7\u00f5es e servi\u00e7os forem fornecidos gratuitamente, n\u00e3o seremos respons\u00e1veis por quaisquer perdas ou danos.<\/p><p class=\"p1\"><b>Contactar-nos<\/b>: willele@willele.com<\/p><\/div>\t\t\t\t\t\t\t\t<\/div>\n\t\t\t\t<\/div>\n\t\t\t\t\t<\/div>\n\t\t\t\t<\/div>\n\t\t\t\t<\/div>","protected":false},"excerpt":{"rendered":"<p>Terms &amp; Conditions Last updated October 12, 2024 Welcome to WILLELE! These terms and conditions outline the rules and regulations for using WILLELE\u2019s website, located at https:\/\/willele.net. By accessing this website, we assume you accept these terms and conditions. Do not continue to use WILLELE if you do not agree to take all of the [&hellip;]<\/p>","protected":false},"author":1,"featured_media":0,"parent":0,"menu_order":0,"comment_status":"closed","ping_status":"closed","template":"","meta":{"footnotes":""},"class_list":["post-749","page","type-page","status-publish","hentry"],"_links":{"self":[{"href":"https:\/\/willele.net\/pt\/wp-json\/wp\/v2\/pages\/749","targetHints":{"allow":["GET"]}}],"collection":[{"href":"https:\/\/willele.net\/pt\/wp-json\/wp\/v2\/pages"}],"about":[{"href":"https:\/\/willele.net\/pt\/wp-json\/wp\/v2\/types\/page"}],"author":[{"embeddable":true,"href":"https:\/\/willele.net\/pt\/wp-json\/wp\/v2\/users\/1"}],"replies":[{"embeddable":true,"href":"https:\/\/willele.net\/pt\/wp-json\/wp\/v2\/comments?post=749"}],"version-history":[{"count":14,"href":"https:\/\/willele.net\/pt\/wp-json\/wp\/v2\/pages\/749\/revisions"}],"predecessor-version":[{"id":2027,"href":"https:\/\/willele.net\/pt\/wp-json\/wp\/v2\/pages\/749\/revisions\/2027"}],"wp:attachment":[{"href":"https:\/\/willele.net\/pt\/wp-json\/wp\/v2\/media?parent=749"}],"curies":[{"name":"wp","href":"https:\/\/api.w.org\/{rel}","templated":true}]}}